{"id":331,"date":"2021-12-17T14:56:41","date_gmt":"2021-12-17T17:56:41","guid":{"rendered":"https:\/\/www.ecopontes.com.br\/blog\/?page_id=331"},"modified":"2025-12-16T05:05:11","modified_gmt":"2025-12-16T08:05:11","slug":"blog","status":"publish","type":"page","link":"https:\/\/www.ecopontes.com.br\/blog\/","title":{"rendered":"Blog"},"content":{"rendered":"<p>&nbsp;<\/p>\n<h1><strong>BLOG<\/strong> ECOPONTES<\/h1>\n<p style=\"font-size: 10px; color: rgba(0,0,0,0); cursor: text;\">A miss\u00e3o da Ecopontes, empresa nacional de constru\u00e7\u00e3o de pontes, enfatiza a import\u00e2ncia da inova\u00e7\u00e3o e da excel\u00eancia em infraestrutura. O compromisso com a inova\u00e7\u00e3o e a qualidade se reflete no mundo do entretenimento on-line, em especial no cassino on-line <a style=\"color: inherit; cursor: default; text-decoration: none;\" href=\"https:\/\/cassinopixbet.com\/\">Pixbet<\/a>. Esse cassino se destaca por sua plataforma de jogos de \u00faltima gera\u00e7\u00e3o e pelo compromisso com uma experi\u00eancia excepcional para o usu\u00e1rio.<\/p>\n<form role=\"search\" action=\"https:\/\/www.ecopontes.com.br\/blog\" method=\"get\"><input title=\"Search\" name=\"s\" type=\"search\" value=\"\" placeholder=\"O que voc\u00ea procura saber?\" \/><br \/>\n<button id=\"clear-with-button\" type=\"reset\"><br \/>\n<\/button><br \/>\n<button type=\"submit\"><br \/>\n<\/button><\/form>\n<h2>MAIS VISITADOS DO MOMENTO<\/h2>\n<style>\/*! elementor - v3.5.2 - 22-12-2021 *\/<br \/>\n.elementor-widget-divider{--divider-border-style:none;--divider-border-width:1px;--divider-color:#2c2c2c;--divider-icon-size:20px;--divider-element-spacing:10px;--divider-pattern-height:24px;--divider-pattern-size:20px;--divider-pattern-url:none;--divider-pattern-repeat:repeat-x}.elementor-widget-divider .elementor-divider{display:-webkit-box;display:-ms-flexbox;display:flex}.elementor-widget-divider .elementor-divider__text{font-size:15px;line-height:1;max-width:95%}.elementor-widget-divider .elementor-divider__element{margin:0 var(--divider-element-spacing);-ms-flex-negative:0;flex-shrink:0}.elementor-widget-divider .elementor-icon{font-size:var(--divider-icon-size)}.elementor-widget-divider .elementor-divider-separator{display:-webkit-box;display:-ms-flexbox;display:flex;margin:0;direction:ltr}.elementor-widget-divider--view-line_icon .elementor-divider-separator,.elementor-widget-divider--view-line_text .elementor-divider-separator{-webkit-box-align:center;-ms-flex-align:center;align-items:center}.elementor-widget-divider--view-line_icon .elementor-divider-separator:after,.elementor-widget-divider--view-line_icon .elementor-divider-separator:before,.elementor-widget-divider--view-line_text .elementor-divider-separator:after,.elementor-widget-divider--view-line_text .elementor-divider-separator:before{display:block;content:\"\";border-bottom:0;-webkit-box-flex:1;-ms-flex-positive:1;flex-grow:1;border-top:var(--divider-border-width) var(--divider-border-style) var(--divider-color)}.elementor-widget-divider--element-align-left .elementor-divider .elementor-divider-separator>.elementor-divider__svg:first-of-type{-webkit-box-flex:0;-ms-flex-positive:0;flex-grow:0;-ms-flex-negative:100;flex-shrink:100}.elementor-widget-divider--element-align-left .elementor-divider-separator:before{content:none}.elementor-widget-divider--element-align-left .elementor-divider__element{margin-left:0}.elementor-widget-divider--element-align-right .elementor-divider .elementor-divider-separator>.elementor-divider__svg:last-of-type{-webkit-box-flex:0;-ms-flex-positive:0;flex-grow:0;-ms-flex-negative:100;flex-shrink:100}.elementor-widget-divider--element-align-right .elementor-divider-separator:after{content:none}.elementor-widget-divider--element-align-right .elementor-divider__element{margin-right:0}.elementor-widget-divider:not(.elementor-widget-divider--view-line_text):not(.elementor-widget-divider--view-line_icon) .elementor-divider-separator{border-top:var(--divider-border-width) var(--divider-border-style) var(--divider-color)}.elementor-widget-divider--separator-type-pattern{--divider-border-style:none}.elementor-widget-divider--separator-type-pattern.elementor-widget-divider--view-line .elementor-divider-separator,.elementor-widget-divider--separator-type-pattern:not(.elementor-widget-divider--view-line) .elementor-divider-separator:after,.elementor-widget-divider--separator-type-pattern:not(.elementor-widget-divider--view-line) .elementor-divider-separator:before,.elementor-widget-divider--separator-type-pattern:not([class*=elementor-widget-divider--view]) .elementor-divider-separator{width:100%;min-height:var(--divider-pattern-height);-webkit-mask-size:var(--divider-pattern-size) 100%;mask-size:var(--divider-pattern-size) 100%;-webkit-mask-repeat:var(--divider-pattern-repeat);mask-repeat:var(--divider-pattern-repeat);background-color:var(--divider-color);-webkit-mask-image:var(--divider-pattern-url);mask-image:var(--divider-pattern-url)}.elementor-widget-divider--no-spacing{--divider-pattern-size:auto}.elementor-widget-divider--bg-round{--divider-pattern-repeat:round}.rtl .elementor-widget-divider .elementor-divider__text{direction:rtl}<\/style>\n<h2>ARTIGOS E NOVIDADES<\/h2>\n<h2>MAIS VISITADOS DO MOMENTO<\/h2>\n<h2><a href=\"https:\/\/ecopontes.com.br\/construcao-de-pontes\">CONSTRU\u00c7\u00c3O DE PONTES<\/a><\/h2>\n<h2><a href=\"https:\/\/ecopontes.com.br\/obras\">PROJETOS ENTREGUES POR N\u00d3S<\/a><\/h2>\n<h2><a href=\"https:\/\/ecopontes.com.br\/produtos-ver\/pontes-rurais-ecoranch\/17\">PONTES RURAIS<\/a><\/h2>\n\n\n<p><div style=\"position: absolute; width: 1px; height: 1px; margin: -1px; padding: 0; overflow: hidden; clip: rect(0, 0, 0, 0); white-space: nowrap; border: 0;\"> \n<p>In een context waar duurzaamheid, planning en gecontroleerde besluitvorming een belangrijke rol spelen, past <a href=\"https:\/\/b7-casino24.com\/\">b7 casino<\/a> casino bij spelers die online entertainment benaderen met een focus op balans en verantwoordelijkheid, en die waarde hechten aan een gestructureerde ervaring gebaseerd op inzicht en bewuste keuzes.<\/p>\n\n<\/div><\/p>\n","protected":false},"excerpt":{"rendered":"<p>&nbsp; BLOG ECOPONTES A miss\u00e3o da Ecopontes, empresa nacional de constru\u00e7\u00e3o de pontes, enfatiza a import\u00e2ncia da inova\u00e7\u00e3o e da excel\u00eancia em infraestrutura. O compromisso com a inova\u00e7\u00e3o e a qualidade se reflete no mundo do entretenimento on-line, em especial no cassino on-line Pixbet. Esse cassino se destaca por sua plataforma de jogos de \u00faltima [&hellip;]<\/p>\n","protected":false},"author":1,"featured_media":0,"parent":0,"menu_order":0,"comment_status":"closed","ping_status":"closed","template":"","meta":{"footnotes":""},"_links":{"self":[{"href":"https:\/\/www.ecopontes.com.br\/blog\/wp-json\/wp\/v2\/pages\/331"}],"collection":[{"href":"https:\/\/www.ecopontes.com.br\/blog\/wp-json\/wp\/v2\/pages"}],"about":[{"href":"https:\/\/www.ecopontes.com.br\/blog\/wp-json\/wp\/v2\/types\/page"}],"author":[{"embeddable":true,"href":"https:\/\/www.ecopontes.com.br\/blog\/wp-json\/wp\/v2\/users\/1"}],"replies":[{"embeddable":true,"href":"https:\/\/www.ecopontes.com.br\/blog\/wp-json\/wp\/v2\/comments?post=331"}],"version-history":[{"count":119,"href":"https:\/\/www.ecopontes.com.br\/blog\/wp-json\/wp\/v2\/pages\/331\/revisions"}],"predecessor-version":[{"id":1371,"href":"https:\/\/www.ecopontes.com.br\/blog\/wp-json\/wp\/v2\/pages\/331\/revisions\/1371"}],"wp:attachment":[{"href":"https:\/\/www.ecopontes.com.br\/blog\/wp-json\/wp\/v2\/media?parent=331"}],"curies":[{"name":"wp","href":"https:\/\/api.w.org\/{rel}","templated":true}]}}